{"id":2,"date":"2025-09-25T12:23:33","date_gmt":"2025-09-25T12:23:33","guid":{"rendered":"https:\/\/construtorafortiori.com\/?page_id=2"},"modified":"2025-10-16T11:36:44","modified_gmt":"2025-10-16T11:36:44","slug":"sample-page","status":"publish","type":"page","link":"https:\/\/construtorafortiori.com\/","title":{"rendered":"Inicial"},"content":{"rendered":"\t\t<div data-elementor-type=\"wp-page\" data-elementor-id=\"2\" class=\"elementor elementor-2\">\n\t\t\t\t<div class=\"elementor-element elementor-element-bc759cb e-con-full e-flex e-con e-parent\" data-id=\"bc759cb\" data-element_type=\"container\" data-settings=\"{&quot;background_background&quot;:&quot;classic&quot;}\">\n\t\t\t\t<\/div>\n\t\t<div class=\"elementor-element elementor-element-aa76481 e-flex e-con-boxed e-con e-parent\" data-id=\"aa76481\" data-element_type=\"container\" data-settings=\"{&quot;background_background&quot;:&quot;classic&quot;}\">\n\t\t\t\t\t<div class=\"e-con-inner\">\n\t\t\t\t<div class=\"elementor-element elementor-element-c6e7d9a elementor-widget elementor-widget-heading\" data-id=\"c6e7d9a\" data-element_type=\"widget\" data-widget_type=\"heading.default\">\n\t\t\t\t\t<h2 class=\"elementor-heading-title elementor-size-default\">Compromisso que transforma territ\u00f3rios<\/h2>\t\t\t\t<\/div>\n\t\t\t\t<div class=\"elementor-element elementor-element-ab4e997 elementor-widget elementor-widget-heading\" data-id=\"ab4e997\" data-element_type=\"widget\" data-widget_type=\"heading.default\">\n\t\t\t\t\t<h2 class=\"elementor-heading-title elementor-size-default\">Engenharia que respeita vidas<\/h2>\t\t\t\t<\/div>\n\t\t\t\t\t<\/div>\n\t\t\t\t<\/div>\n\t\t<div class=\"elementor-element elementor-element-bb6e946 e-flex e-con-boxed e-con e-parent\" data-id=\"bb6e946\" data-element_type=\"container\" data-settings=\"{&quot;background_background&quot;:&quot;gradient&quot;}\">\n\t\t\t\t\t<div class=\"e-con-inner\">\n\t\t<div class=\"elementor-element elementor-element-56685aa e-con-full e-flex e-con e-child\" data-id=\"56685aa\" data-element_type=\"container\">\n\t\t\t\t<div class=\"elementor-element elementor-element-7b2f8b2 elementor-widget elementor-widget-spacer\" data-id=\"7b2f8b2\" data-element_type=\"widget\" data-widget_type=\"spacer.default\">\n\t\t\t\t\t\t\t<div class=\"elementor-spacer\">\n\t\t\t<div class=\"elementor-spacer-inner\"><\/div>\n\t\t<\/div>\n\t\t\t\t\t\t<\/div>\n\t\t\t\t<div class=\"elementor-element elementor-element-9e21276 elementor-widget elementor-widget-heading\" data-id=\"9e21276\" data-element_type=\"widget\" data-widget_type=\"heading.default\">\n\t\t\t\t\t<h2 class=\"elementor-heading-title elementor-size-default\">QUEM<\/h2>\t\t\t\t<\/div>\n\t\t\t\t<div class=\"elementor-element elementor-element-3c9793b elementor-widget elementor-widget-heading\" data-id=\"3c9793b\" data-element_type=\"widget\" data-widget_type=\"heading.default\">\n\t\t\t\t\t<h2 class=\"elementor-heading-title elementor-size-default\">SOMOS<\/h2>\t\t\t\t<\/div>\n\t\t\t\t<div class=\"elementor-element elementor-element-ede59a9 elementor-widget-divider--view-line elementor-widget elementor-widget-divider\" data-id=\"ede59a9\" data-element_type=\"widget\" data-widget_type=\"divider.default\">\n\t\t\t\t\t\t\t<div class=\"elementor-divider\">\n\t\t\t<span class=\"elementor-divider-separator\">\n\t\t\t\t\t\t<\/span>\n\t\t<\/div>\n\t\t\t\t\t\t<\/div>\n\t\t\t\t<div class=\"elementor-element elementor-element-77ee0b4 elementor-widget elementor-widget-text-editor\" data-id=\"77ee0b4\" data-element_type=\"widget\" data-widget_type=\"text-editor.default\">\n\t\t\t\t\t\t\t\t\t<p>A Construtora Fortiori atua com excel\u00eancia em obras de infraestrutura de saneamento b\u00e1sico, drenagem pluvial, pavimenta\u00e7\u00e3o, constru\u00e7\u00e3o civil e reformas.<\/p>\t\t\t\t\t\t\t\t<\/div>\n\t\t\t\t<div class=\"elementor-element elementor-element-c491fab elementor-widget elementor-widget-button\" data-id=\"c491fab\" data-element_type=\"widget\" data-widget_type=\"button.default\">\n\t\t\t\t\t\t\t\t\t\t<a class=\"elementor-button elementor-button-link elementor-size-sm\" href=\"https:\/\/construtorafortiori.com\/index.php\/quem-somos\/\">\n\t\t\t\t\t\t<span class=\"elementor-button-content-wrapper\">\n\t\t\t\t\t\t\t\t\t<span class=\"elementor-button-text\">Saiba mais<\/span>\n\t\t\t\t\t<\/span>\n\t\t\t\t\t<\/a>\n\t\t\t\t\t\t\t\t<\/div>\n\t\t\t\t<\/div>\n\t\t<div class=\"elementor-element elementor-element-e44a2d2 e-con-full e-flex e-con e-child\" data-id=\"e44a2d2\" data-element_type=\"container\">\n\t\t\t\t<div class=\"elementor-element elementor-element-ffd2c15 elementor-widget elementor-widget-image\" data-id=\"ffd2c15\" data-element_type=\"widget\" data-widget_type=\"image.default\">\n\t\t\t\t\t\t\t\t\t\t\t\t\t\t\t<img fetchpriority=\"high\" decoding=\"async\" width=\"1024\" height=\"768\" src=\"https:\/\/construtorafortiori.com\/wp-content\/uploads\/2025\/09\/pouso-1024x768.jpg\" class=\"attachment-large size-large wp-image-238\" alt=\"\" srcset=\"https:\/\/construtorafortiori.com\/wp-content\/uploads\/2025\/09\/pouso-1024x768.jpg 1024w, https:\/\/construtorafortiori.com\/wp-content\/uploads\/2025\/09\/pouso-300x225.jpg 300w, https:\/\/construtorafortiori.com\/wp-content\/uploads\/2025\/09\/pouso-768x576.jpg 768w, https:\/\/construtorafortiori.com\/wp-content\/uploads\/2025\/09\/pouso-1536x1152.jpg 1536w, https:\/\/construtorafortiori.com\/wp-content\/uploads\/2025\/09\/pouso-2048x1536.jpg 2048w\" sizes=\"(max-width: 1024px) 100vw, 1024px\" \/>\t\t\t\t\t\t\t\t\t\t\t\t\t\t\t<\/div>\n\t\t\t\t<\/div>\n\t\t\t\t\t<\/div>\n\t\t\t\t<\/div>\n\t\t<div class=\"elementor-element elementor-element-e084877 e-flex e-con-boxed e-con e-parent\" data-id=\"e084877\" data-element_type=\"container\" data-settings=\"{&quot;background_background&quot;:&quot;classic&quot;}\">\n\t\t\t\t\t<div class=\"e-con-inner\">\n\t\t<div class=\"elementor-element elementor-element-830e735 e-con-full e-flex e-con e-child\" data-id=\"830e735\" data-element_type=\"container\">\n\t\t\t\t<div class=\"elementor-element elementor-element-f952413 elementor-widget elementor-widget-spacer\" data-id=\"f952413\" data-element_type=\"widget\" data-widget_type=\"spacer.default\">\n\t\t\t\t\t\t\t<div class=\"elementor-spacer\">\n\t\t\t<div class=\"elementor-spacer-inner\"><\/div>\n\t\t<\/div>\n\t\t\t\t\t\t<\/div>\n\t\t\t\t<div class=\"elementor-element elementor-element-d181e75 elementor-widget elementor-widget-spacer\" data-id=\"d181e75\" data-element_type=\"widget\" data-widget_type=\"spacer.default\">\n\t\t\t\t\t\t\t<div class=\"elementor-spacer\">\n\t\t\t<div class=\"elementor-spacer-inner\"><\/div>\n\t\t<\/div>\n\t\t\t\t\t\t<\/div>\n\t\t\t\t<div class=\"elementor-element elementor-element-df13ede elementor-widget elementor-widget-heading\" data-id=\"df13ede\" data-element_type=\"widget\" data-widget_type=\"heading.default\">\n\t\t\t\t\t<h2 class=\"elementor-heading-title elementor-size-default\">parceiros que<\/h2>\t\t\t\t<\/div>\n\t\t\t\t<div class=\"elementor-element elementor-element-11e1f63 elementor-widget elementor-widget-heading\" data-id=\"11e1f63\" data-element_type=\"widget\" data-widget_type=\"heading.default\">\n\t\t\t\t\t<h2 class=\"elementor-heading-title elementor-size-default\">confiam NA FORTIORI<\/h2>\t\t\t\t<\/div>\n\t\t\t\t<div class=\"elementor-element elementor-element-6b360d4 elementor-widget-divider--view-line elementor-widget elementor-widget-divider\" data-id=\"6b360d4\" data-element_type=\"widget\" data-widget_type=\"divider.default\">\n\t\t\t\t\t\t\t<div class=\"elementor-divider\">\n\t\t\t<span class=\"elementor-divider-separator\">\n\t\t\t\t\t\t<\/span>\n\t\t<\/div>\n\t\t\t\t\t\t<\/div>\n\t\t\t\t<div class=\"elementor-element elementor-element-2ba68ca elementor-widget elementor-widget-spacer\" data-id=\"2ba68ca\" data-element_type=\"widget\" data-widget_type=\"spacer.default\">\n\t\t\t\t\t\t\t<div class=\"elementor-spacer\">\n\t\t\t<div class=\"elementor-spacer-inner\"><\/div>\n\t\t<\/div>\n\t\t\t\t\t\t<\/div>\n\t\t\t\t<div class=\"elementor-element elementor-element-85b2618 elementor-widget elementor-widget-spacer\" data-id=\"85b2618\" data-element_type=\"widget\" data-widget_type=\"spacer.default\">\n\t\t\t\t\t\t\t<div class=\"elementor-spacer\">\n\t\t\t<div class=\"elementor-spacer-inner\"><\/div>\n\t\t<\/div>\n\t\t\t\t\t\t<\/div>\n\t\t\t\t<\/div>\n\t\t<div class=\"elementor-element elementor-element-8630fc5 e-con-full e-flex e-con e-child\" data-id=\"8630fc5\" data-element_type=\"container\">\n\t\t\t\t<div class=\"elementor-element elementor-element-bb200b7 elementor-widget elementor-widget-image\" data-id=\"bb200b7\" data-element_type=\"widget\" data-widget_type=\"image.default\">\n\t\t\t\t\t\t\t\t\t\t\t\t\t\t\t\t<a href=\"https:\/\/www.copasa.com.br\/wps\/portal\/internet\/\" target=\"_blank\">\n\t\t\t\t\t\t\t<img decoding=\"async\" width=\"567\" height=\"567\" src=\"https:\/\/construtorafortiori.com\/wp-content\/uploads\/2025\/09\/copasa2.jpg\" class=\"elementor-animation-shrink attachment-large size-large wp-image-221\" alt=\"\" srcset=\"https:\/\/construtorafortiori.com\/wp-content\/uploads\/2025\/09\/copasa2.jpg 567w, https:\/\/construtorafortiori.com\/wp-content\/uploads\/2025\/09\/copasa2-300x300.jpg 300w, https:\/\/construtorafortiori.com\/wp-content\/uploads\/2025\/09\/copasa2-150x150.jpg 150w\" sizes=\"(max-width: 567px) 100vw, 567px\" \/>\t\t\t\t\t\t\t\t<\/a>\n\t\t\t\t\t\t\t\t\t\t\t\t\t\t\t<\/div>\n\t\t\t\t<\/div>\n\t\t<div class=\"elementor-element elementor-element-33da581 e-con-full e-flex e-con e-child\" data-id=\"33da581\" data-element_type=\"container\">\n\t\t\t\t<div class=\"elementor-element elementor-element-4ac87d8 elementor-widget elementor-widget-image\" data-id=\"4ac87d8\" data-element_type=\"widget\" data-widget_type=\"image.default\">\n\t\t\t\t\t\t\t\t\t\t\t\t\t\t\t\t<a href=\"https:\/\/www.copasa.com.br\/wps\/portal\/copanor\" target=\"_blank\">\n\t\t\t\t\t\t\t<img decoding=\"async\" width=\"567\" height=\"567\" src=\"https:\/\/construtorafortiori.com\/wp-content\/uploads\/2025\/09\/copanor-1.jpg\" class=\"elementor-animation-shrink attachment-large size-large wp-image-26\" alt=\"\" srcset=\"https:\/\/construtorafortiori.com\/wp-content\/uploads\/2025\/09\/copanor-1.jpg 567w, https:\/\/construtorafortiori.com\/wp-content\/uploads\/2025\/09\/copanor-1-300x300.jpg 300w, https:\/\/construtorafortiori.com\/wp-content\/uploads\/2025\/09\/copanor-1-150x150.jpg 150w\" sizes=\"(max-width: 567px) 100vw, 567px\" \/>\t\t\t\t\t\t\t\t<\/a>\n\t\t\t\t\t\t\t\t\t\t\t\t\t\t\t<\/div>\n\t\t\t\t<\/div>\n\t\t<div class=\"elementor-element elementor-element-e8200d2 e-con-full e-flex e-con e-child\" data-id=\"e8200d2\" data-element_type=\"container\">\n\t\t\t\t<div class=\"elementor-element elementor-element-db7264f elementor-widget elementor-widget-image\" data-id=\"db7264f\" data-element_type=\"widget\" data-widget_type=\"image.default\">\n\t\t\t\t\t\t\t\t\t\t\t\t\t\t\t\t<a href=\"https:\/\/portal-novo.parademinas.mg.gov.br\/\" target=\"_blank\">\n\t\t\t\t\t\t\t<img loading=\"lazy\" decoding=\"async\" width=\"567\" height=\"567\" src=\"https:\/\/construtorafortiori.com\/wp-content\/uploads\/2025\/09\/para-1.jpg\" class=\"elementor-animation-shrink attachment-large size-large wp-image-27\" alt=\"\" srcset=\"https:\/\/construtorafortiori.com\/wp-content\/uploads\/2025\/09\/para-1.jpg 567w, https:\/\/construtorafortiori.com\/wp-content\/uploads\/2025\/09\/para-1-300x300.jpg 300w, https:\/\/construtorafortiori.com\/wp-content\/uploads\/2025\/09\/para-1-150x150.jpg 150w\" sizes=\"(max-width: 567px) 100vw, 567px\" \/>\t\t\t\t\t\t\t\t<\/a>\n\t\t\t\t\t\t\t\t\t\t\t\t\t\t\t<\/div>\n\t\t\t\t<\/div>\n\t\t<div class=\"elementor-element elementor-element-103b7e4 e-con-full e-flex e-con e-child\" data-id=\"103b7e4\" data-element_type=\"container\">\n\t\t\t\t<div class=\"elementor-element elementor-element-86d29e9 elementor-widget elementor-widget-image\" data-id=\"86d29e9\" data-element_type=\"widget\" data-widget_type=\"image.default\">\n\t\t\t\t\t\t\t\t\t\t\t\t\t\t\t\t<a href=\"https:\/\/novalima.mg.gov.br\/inicio\" target=\"_blank\">\n\t\t\t\t\t\t\t<img loading=\"lazy\" decoding=\"async\" width=\"567\" height=\"567\" src=\"https:\/\/construtorafortiori.com\/wp-content\/uploads\/2025\/09\/novalima-1.jpg\" class=\"elementor-animation-shrink attachment-large size-large wp-image-28\" alt=\"\" srcset=\"https:\/\/construtorafortiori.com\/wp-content\/uploads\/2025\/09\/novalima-1.jpg 567w, https:\/\/construtorafortiori.com\/wp-content\/uploads\/2025\/09\/novalima-1-300x300.jpg 300w, https:\/\/construtorafortiori.com\/wp-content\/uploads\/2025\/09\/novalima-1-150x150.jpg 150w\" sizes=\"(max-width: 567px) 100vw, 567px\" \/>\t\t\t\t\t\t\t\t<\/a>\n\t\t\t\t\t\t\t\t\t\t\t\t\t\t\t<\/div>\n\t\t\t\t<\/div>\n\t\t<div class=\"elementor-element elementor-element-688c35f e-con-full e-flex e-con e-child\" data-id=\"688c35f\" data-element_type=\"container\">\n\t\t\t\t<div class=\"elementor-element elementor-element-33e631b elementor-widget elementor-widget-image\" data-id=\"33e631b\" data-element_type=\"widget\" data-widget_type=\"image.default\">\n\t\t\t\t\t\t\t\t\t\t\t\t\t\t\t\t<a href=\"https:\/\/portal.contagem.mg.gov.br\/\" target=\"_blank\">\n\t\t\t\t\t\t\t<img loading=\"lazy\" decoding=\"async\" width=\"567\" height=\"567\" src=\"https:\/\/construtorafortiori.com\/wp-content\/uploads\/2025\/09\/contagem-1.jpg\" class=\"elementor-animation-shrink attachment-large size-large wp-image-29\" alt=\"\" srcset=\"https:\/\/construtorafortiori.com\/wp-content\/uploads\/2025\/09\/contagem-1.jpg 567w, https:\/\/construtorafortiori.com\/wp-content\/uploads\/2025\/09\/contagem-1-300x300.jpg 300w, https:\/\/construtorafortiori.com\/wp-content\/uploads\/2025\/09\/contagem-1-150x150.jpg 150w\" sizes=\"(max-width: 567px) 100vw, 567px\" \/>\t\t\t\t\t\t\t\t<\/a>\n\t\t\t\t\t\t\t\t\t\t\t\t\t\t\t<\/div>\n\t\t\t\t<\/div>\n\t\t<div class=\"elementor-element elementor-element-3531bc2 e-con-full e-flex e-con e-child\" data-id=\"3531bc2\" data-element_type=\"container\">\n\t\t\t\t<div class=\"elementor-element elementor-element-d7a47a7 elementor-widget elementor-widget-image\" data-id=\"d7a47a7\" data-element_type=\"widget\" data-widget_type=\"image.default\">\n\t\t\t\t\t\t\t\t\t\t\t\t\t\t\t\t<a href=\"https:\/\/www.mrv.com.br\/\" target=\"_blank\">\n\t\t\t\t\t\t\t<img loading=\"lazy\" decoding=\"async\" width=\"567\" height=\"567\" src=\"https:\/\/construtorafortiori.com\/wp-content\/uploads\/2025\/10\/mrv.jpg\" class=\"elementor-animation-shrink attachment-large size-large wp-image-276\" alt=\"\" srcset=\"https:\/\/construtorafortiori.com\/wp-content\/uploads\/2025\/10\/mrv.jpg 567w, https:\/\/construtorafortiori.com\/wp-content\/uploads\/2025\/10\/mrv-300x300.jpg 300w, https:\/\/construtorafortiori.com\/wp-content\/uploads\/2025\/10\/mrv-150x150.jpg 150w\" sizes=\"(max-width: 567px) 100vw, 567px\" \/>\t\t\t\t\t\t\t\t<\/a>\n\t\t\t\t\t\t\t\t\t\t\t\t\t\t\t<\/div>\n\t\t\t\t<\/div>\n\t\t\t\t\t<\/div>\n\t\t\t\t<\/div>\n\t\t<div class=\"elementor-element elementor-element-c86ecd2 e-flex e-con-boxed e-con e-parent\" data-id=\"c86ecd2\" data-element_type=\"container\" data-settings=\"{&quot;background_background&quot;:&quot;gradient&quot;}\">\n\t\t\t\t\t<div class=\"e-con-inner\">\n\t\t<div class=\"elementor-element elementor-element-22aee09 e-con-full e-flex e-con e-child\" data-id=\"22aee09\" data-element_type=\"container\">\n\t\t\t\t<div class=\"elementor-element elementor-element-c357ca5 elementor-widget elementor-widget-spacer\" data-id=\"c357ca5\" data-element_type=\"widget\" data-widget_type=\"spacer.default\">\n\t\t\t\t\t\t\t<div class=\"elementor-spacer\">\n\t\t\t<div class=\"elementor-spacer-inner\"><\/div>\n\t\t<\/div>\n\t\t\t\t\t\t<\/div>\n\t\t\t\t<div class=\"elementor-element elementor-element-3fa399b elementor-widget elementor-widget-heading\" data-id=\"3fa399b\" data-element_type=\"widget\" data-widget_type=\"heading.default\">\n\t\t\t\t\t<h2 class=\"elementor-heading-title elementor-size-default\">FA\u00c7A-NOS<\/h2>\t\t\t\t<\/div>\n\t\t\t\t<div class=\"elementor-element elementor-element-7a35a90 elementor-widget elementor-widget-heading\" data-id=\"7a35a90\" data-element_type=\"widget\" data-widget_type=\"heading.default\">\n\t\t\t\t\t<h2 class=\"elementor-heading-title elementor-size-default\">UMA VISITA<\/h2>\t\t\t\t<\/div>\n\t\t\t\t<div class=\"elementor-element elementor-element-e6bfb94 elementor-widget-divider--view-line elementor-widget elementor-widget-divider\" data-id=\"e6bfb94\" data-element_type=\"widget\" data-widget_type=\"divider.default\">\n\t\t\t\t\t\t\t<div class=\"elementor-divider\">\n\t\t\t<span class=\"elementor-divider-separator\">\n\t\t\t\t\t\t<\/span>\n\t\t<\/div>\n\t\t\t\t\t\t<\/div>\n\t\t\t\t<div class=\"elementor-element elementor-element-23d14b7 elementor-icon-list--layout-traditional elementor-list-item-link-full_width elementor-widget elementor-widget-icon-list\" data-id=\"23d14b7\" data-element_type=\"widget\" data-widget_type=\"icon-list.default\">\n\t\t\t\t\t\t\t<ul class=\"elementor-icon-list-items\">\n\t\t\t\t\t\t\t<li class=\"elementor-icon-list-item\">\n\t\t\t\t\t\t\t\t\t\t\t<span class=\"elementor-icon-list-icon\">\n\t\t\t\t\t\t\t<svg aria-hidden=\"true\" class=\"e-font-icon-svg e-fas-phone\" viewBox=\"0 0 512 512\" xmlns=\"http:\/\/www.w3.org\/2000\/svg\"><path d=\"M493.4 24.6l-104-24c-11.3-2.6-22.9 3.3-27.5 13.9l-48 112c-4.2 9.8-1.4 21.3 6.9 28l60.6 49.6c-36 76.7-98.9 140.5-177.2 177.2l-49.6-60.6c-6.8-8.3-18.2-11.1-28-6.9l-112 48C3.9 366.5-2 378.1.6 389.4l24 104C27.1 504.2 36.7 512 48 512c256.1 0 464-207.5 464-464 0-11.2-7.7-20.9-18.6-23.4z\"><\/path><\/svg>\t\t\t\t\t\t<\/span>\n\t\t\t\t\t\t\t\t\t\t<span class=\"elementor-icon-list-text\">(31) 3146-3848<\/span>\n\t\t\t\t\t\t\t\t\t<\/li>\n\t\t\t\t\t\t\t\t<li class=\"elementor-icon-list-item\">\n\t\t\t\t\t\t\t\t\t\t\t<span class=\"elementor-icon-list-icon\">\n\t\t\t\t\t\t\t<svg aria-hidden=\"true\" class=\"e-font-icon-svg e-fas-search-location\" viewBox=\"0 0 512 512\" xmlns=\"http:\/\/www.w3.org\/2000\/svg\"><path d=\"M505.04 442.66l-99.71-99.69c-4.5-4.5-10.6-7-17-7h-16.3c27.6-35.3 44-79.69 44-127.99C416.03 93.09 322.92 0 208.02 0S0 93.09 0 207.98s93.11 207.98 208.02 207.98c48.3 0 92.71-16.4 128.01-44v16.3c0 6.4 2.5 12.5 7 17l99.71 99.69c9.4 9.4 24.6 9.4 33.9 0l28.3-28.3c9.4-9.4 9.4-24.59.1-33.99zm-297.02-90.7c-79.54 0-144-64.34-144-143.98 0-79.53 64.35-143.98 144-143.98 79.54 0 144 64.34 144 143.98 0 79.53-64.35 143.98-144 143.98zm.02-239.96c-40.78 0-73.84 33.05-73.84 73.83 0 32.96 48.26 93.05 66.75 114.86a9.24 9.24 0 0 0 14.18 0c18.49-21.81 66.75-81.89 66.75-114.86 0-40.78-33.06-73.83-73.84-73.83zm0 96c-13.26 0-24-10.75-24-24 0-13.26 10.75-24 24-24s24 10.74 24 24c0 13.25-10.75 24-24 24z\"><\/path><\/svg>\t\t\t\t\t\t<\/span>\n\t\t\t\t\t\t\t\t\t\t<span class=\"elementor-icon-list-text\">R. dos M\u00e9dicos, 890 - Al\u00edpio de Melo, BHte - MG, 30840-020<\/span>\n\t\t\t\t\t\t\t\t\t<\/li>\n\t\t\t\t\t\t\t\t<li class=\"elementor-icon-list-item\">\n\t\t\t\t\t\t\t\t\t\t\t<span class=\"elementor-icon-list-icon\">\n\t\t\t\t\t\t\t<svg aria-hidden=\"true\" class=\"e-font-icon-svg e-fas-mail-bulk\" viewBox=\"0 0 576 512\" xmlns=\"http:\/\/www.w3.org\/2000\/svg\"><path d=\"M160 448c-25.6 0-51.2-22.4-64-32-64-44.8-83.2-60.8-96-70.4V480c0 17.67 14.33 32 32 32h256c17.67 0 32-14.33 32-32V345.6c-12.8 9.6-32 25.6-96 70.4-12.8 9.6-38.4 32-64 32zm128-192H32c-17.67 0-32 14.33-32 32v16c25.6 19.2 22.4 19.2 115.2 86.4 9.6 6.4 28.8 25.6 44.8 25.6s35.2-19.2 44.8-22.4c92.8-67.2 89.6-67.2 115.2-86.4V288c0-17.67-14.33-32-32-32zm256-96H224c-17.67 0-32 14.33-32 32v32h96c33.21 0 60.59 25.42 63.71 57.82l.29-.22V416h192c17.67 0 32-14.33 32-32V192c0-17.67-14.33-32-32-32zm-32 128h-64v-64h64v64zm-352-96c0-35.29 28.71-64 64-64h224V32c0-17.67-14.33-32-32-32H96C78.33 0 64 14.33 64 32v192h96v-32z\"><\/path><\/svg>\t\t\t\t\t\t<\/span>\n\t\t\t\t\t\t\t\t\t\t<span class=\"elementor-icon-list-text\">fortiori@construtorafortiori.com<\/span>\n\t\t\t\t\t\t\t\t\t<\/li>\n\t\t\t\t\t\t<\/ul>\n\t\t\t\t\t\t<\/div>\n\t\t\t\t<div class=\"elementor-element elementor-element-ef87665 elementor-widget elementor-widget-spacer\" data-id=\"ef87665\" data-element_type=\"widget\" data-widget_type=\"spacer.default\">\n\t\t\t\t\t\t\t<div class=\"elementor-spacer\">\n\t\t\t<div class=\"elementor-spacer-inner\"><\/div>\n\t\t<\/div>\n\t\t\t\t\t\t<\/div>\n\t\t\t\t<\/div>\n\t\t<div class=\"elementor-element elementor-element-8d5dca8 e-con-full e-flex e-con e-child\" data-id=\"8d5dca8\" data-element_type=\"container\">\n\t\t\t\t<div class=\"elementor-element elementor-element-882175d elementor-widget elementor-widget-spacer\" data-id=\"882175d\" data-element_type=\"widget\" data-widget_type=\"spacer.default\">\n\t\t\t\t\t\t\t<div class=\"elementor-spacer\">\n\t\t\t<div class=\"elementor-spacer-inner\"><\/div>\n\t\t<\/div>\n\t\t\t\t\t\t<\/div>\n\t\t\t\t<div class=\"elementor-element elementor-element-31fb886 elementor-widget elementor-widget-google_maps\" data-id=\"31fb886\" data-element_type=\"widget\" data-widget_type=\"google_maps.default\">\n\t\t\t\t\t\t\t<div class=\"elementor-custom-embed\">\n\t\t\t<iframe loading=\"lazy\"\n\t\t\t\t\tsrc=\"https:\/\/maps.google.com\/maps?q=R.%20dos%20M%C3%A9dicos%2C%20890%20-%20Al%C3%ADpio%20de%20Melo%2C%20Belo%20Horizonte%20-%20MG%2C%2030840-020&#038;t=m&#038;z=14&#038;output=embed&#038;iwloc=near\"\n\t\t\t\t\ttitle=\"R. dos M\u00e9dicos, 890 - Al\u00edpio de Melo, Belo Horizonte - MG, 30840-020\"\n\t\t\t\t\taria-label=\"R. dos M\u00e9dicos, 890 - Al\u00edpio de Melo, Belo Horizonte - MG, 30840-020\"\n\t\t\t><\/iframe>\n\t\t<\/div>\n\t\t\t\t\t\t<\/div>\n\t\t\t\t<div class=\"elementor-element elementor-element-dc161ac elementor-widget elementor-widget-spacer\" data-id=\"dc161ac\" data-element_type=\"widget\" data-widget_type=\"spacer.default\">\n\t\t\t\t\t\t\t<div class=\"elementor-spacer\">\n\t\t\t<div class=\"elementor-spacer-inner\"><\/div>\n\t\t<\/div>\n\t\t\t\t\t\t<\/div>\n\t\t\t\t<\/div>\n\t\t\t\t\t<\/div>\n\t\t\t\t<\/div>\n\t\t<div class=\"elementor-element elementor-element-d01f73c e-flex e-con-boxed e-con e-parent\" data-id=\"d01f73c\" data-element_type=\"container\" data-settings=\"{&quot;background_background&quot;:&quot;classic&quot;}\">\n\t\t\t\t\t<div class=\"e-con-inner\">\n\t\t\t\t<div class=\"elementor-element elementor-element-3dfe9bd elementor-widget elementor-widget-spacer\" data-id=\"3dfe9bd\" data-element_type=\"widget\" data-widget_type=\"spacer.default\">\n\t\t\t\t\t\t\t<div class=\"elementor-spacer\">\n\t\t\t<div class=\"elementor-spacer-inner\"><\/div>\n\t\t<\/div>\n\t\t\t\t\t\t<\/div>\n\t\t\t\t<div class=\"elementor-element elementor-element-10f481d elementor-widget elementor-widget-image\" data-id=\"10f481d\" data-element_type=\"widget\" data-widget_type=\"image.default\">\n\t\t\t\t\t\t\t\t\t\t\t\t\t\t\t<img loading=\"lazy\" decoding=\"async\" width=\"1024\" height=\"274\" src=\"https:\/\/construtorafortiori.com\/wp-content\/uploads\/2025\/09\/cropped-logo-fortiori-04-1024x274.png\" class=\"attachment-large size-large wp-image-53\" alt=\"\" srcset=\"https:\/\/construtorafortiori.com\/wp-content\/uploads\/2025\/09\/cropped-logo-fortiori-04-1024x274.png 1024w, https:\/\/construtorafortiori.com\/wp-content\/uploads\/2025\/09\/cropped-logo-fortiori-04-300x80.png 300w, https:\/\/construtorafortiori.com\/wp-content\/uploads\/2025\/09\/cropped-logo-fortiori-04-768x206.png 768w, https:\/\/construtorafortiori.com\/wp-content\/uploads\/2025\/09\/cropped-logo-fortiori-04-1536x411.png 1536w, https:\/\/construtorafortiori.com\/wp-content\/uploads\/2025\/09\/cropped-logo-fortiori-04-2048x549.png 2048w\" sizes=\"(max-width: 1024px) 100vw, 1024px\" \/>\t\t\t\t\t\t\t\t\t\t\t\t\t\t\t<\/div>\n\t\t\t\t<div class=\"elementor-element elementor-element-1248820 elementor-widget elementor-widget-heading\" data-id=\"1248820\" data-element_type=\"widget\" data-widget_type=\"heading.default\">\n\t\t\t\t\t<h2 class=\"elementor-heading-title elementor-size-default\">TRANSFORMANDO REALIDADES COM ENGENHARIA<\/h2>\t\t\t\t<\/div>\n\t\t\t\t<div class=\"elementor-element elementor-element-ad5c400 elementor-widget elementor-widget-text-editor\" data-id=\"ad5c400\" data-element_type=\"widget\" data-widget_type=\"text-editor.default\">\n\t\t\t\t\t\t\t\t\t<p>Com atua\u00e7\u00e3o destacada em <strong>cidades estrat\u00e9gicas e comunidades vulner\u00e1veis<\/strong>, a Fortiori entrega solu\u00e7\u00f5es completas &#8211; da concep\u00e7\u00e3o \u00e0 opera\u00e7\u00e3o. Nossas obras promovem sa\u00fade p\u00fablica, dignidade e crescimento sustent\u00e1vel.<\/p>\t\t\t\t\t\t\t\t<\/div>\n\t\t\t\t\t<\/div>\n\t\t\t\t<\/div>\n\t\t\t\t<\/div>\n\t\t","protected":false},"excerpt":{"rendered":"<p>Compromisso que transforma territ\u00f3rios Engenharia que respeita vidas QUEM SOMOS A Construtora Fortiori atua com excel\u00eancia em obras de infraestrutura de saneamento b\u00e1sico, drenagem pluvial, pavimenta\u00e7\u00e3o, constru\u00e7\u00e3o civil e reformas. Saiba mais parceiros que confiam NA FORTIORI FA\u00c7A-NOS UMA VISITA (31) 3146-3848 R. dos M\u00e9dicos, 890 &#8211; Al\u00edpio de Melo, BHte &#8211; MG, 30840-020 fortiori@construtorafortiori.com&#8230;<\/p>\n","protected":false},"author":1,"featured_media":0,"parent":0,"menu_order":0,"comment_status":"closed","ping_status":"closed","template":"elementor_header_footer","meta":{"_kadence_starter_templates_imported_post":false,"_kad_post_transparent":"","_kad_post_title":"","_kad_post_layout":"","_kad_post_sidebar_id":"","_kad_post_content_style":"","_kad_post_vertical_padding":"","_kad_post_feature":"","_kad_post_feature_position":"","_kad_post_header":false,"_kad_post_footer":false,"footnotes":""},"class_list":["post-2","page","type-page","status-publish","hentry"],"_links":{"self":[{"href":"https:\/\/construtorafortiori.com\/index.php\/wp-json\/wp\/v2\/pages\/2","targetHints":{"allow":["GET"]}}],"collection":[{"href":"https:\/\/construtorafortiori.com\/index.php\/wp-json\/wp\/v2\/pages"}],"about":[{"href":"https:\/\/construtorafortiori.com\/index.php\/wp-json\/wp\/v2\/types\/page"}],"author":[{"embeddable":true,"href":"https:\/\/construtorafortiori.com\/index.php\/wp-json\/wp\/v2\/users\/1"}],"replies":[{"embeddable":true,"href":"https:\/\/construtorafortiori.com\/index.php\/wp-json\/wp\/v2\/comments?post=2"}],"version-history":[{"count":65,"href":"https:\/\/construtorafortiori.com\/index.php\/wp-json\/wp\/v2\/pages\/2\/revisions"}],"predecessor-version":[{"id":437,"href":"https:\/\/construtorafortiori.com\/index.php\/wp-json\/wp\/v2\/pages\/2\/revisions\/437"}],"wp:attachment":[{"href":"https:\/\/construtorafortiori.com\/index.php\/wp-json\/wp\/v2\/media?parent=2"}],"curies":[{"name":"wp","href":"https:\/\/api.w.org\/{rel}","templated":true}]}}