{"id":38,"date":"2025-09-25T20:04:39","date_gmt":"2025-09-25T20:04:39","guid":{"rendered":"https:\/\/construtorafortiori.com\/?page_id=38"},"modified":"2025-10-16T11:36:52","modified_gmt":"2025-10-16T11:36:52","slug":"numeros","status":"publish","type":"page","link":"https:\/\/construtorafortiori.com\/index.php\/numeros\/","title":{"rendered":"N\u00fameros"},"content":{"rendered":"\t\t<div data-elementor-type=\"wp-page\" data-elementor-id=\"38\" class=\"elementor elementor-38\">\n\t\t\t\t<div class=\"elementor-element elementor-element-2180904 e-flex e-con-boxed e-con e-parent\" data-id=\"2180904\" data-element_type=\"container\" data-settings=\"{&quot;background_background&quot;:&quot;classic&quot;}\">\n\t\t\t\t\t<div class=\"e-con-inner\">\n\t\t<div class=\"elementor-element elementor-element-baf698f e-con-full e-flex e-con e-child\" data-id=\"baf698f\" data-element_type=\"container\">\n\t\t\t\t<\/div>\n\t\t<div class=\"elementor-element elementor-element-37a7175 e-con-full e-flex e-con e-child\" data-id=\"37a7175\" data-element_type=\"container\">\n\t\t\t\t<\/div>\n\t\t\t\t\t<\/div>\n\t\t\t\t<\/div>\n\t\t<div class=\"elementor-element elementor-element-1f54220 e-flex e-con-boxed e-con e-parent\" data-id=\"1f54220\" data-element_type=\"container\" data-settings=\"{&quot;background_background&quot;:&quot;gradient&quot;}\">\n\t\t\t\t\t<div class=\"e-con-inner\">\n\t\t<div class=\"elementor-element elementor-element-7036cd9 e-con-full e-flex e-con e-child\" data-id=\"7036cd9\" data-element_type=\"container\">\n\t\t\t\t<div class=\"elementor-element elementor-element-10b9d4f elementor-widget elementor-widget-spacer\" data-id=\"10b9d4f\" data-element_type=\"widget\" data-widget_type=\"spacer.default\">\n\t\t\t\t\t\t\t<div class=\"elementor-spacer\">\n\t\t\t<div class=\"elementor-spacer-inner\"><\/div>\n\t\t<\/div>\n\t\t\t\t\t\t<\/div>\n\t\t\t\t<div class=\"elementor-element elementor-element-2f2e609 elementor-widget elementor-widget-heading\" data-id=\"2f2e609\" data-element_type=\"widget\" data-widget_type=\"heading.default\">\n\t\t\t\t\t<h2 class=\"elementor-heading-title elementor-size-default\">NOSSAS ENTREGAS EM N\u00daMEROS<\/h2>\t\t\t\t<\/div>\n\t\t\t\t<div class=\"elementor-element elementor-element-46440af elementor-widget-divider--view-line elementor-widget elementor-widget-divider\" data-id=\"46440af\" data-element_type=\"widget\" data-widget_type=\"divider.default\">\n\t\t\t\t\t\t\t<div class=\"elementor-divider\">\n\t\t\t<span class=\"elementor-divider-separator\">\n\t\t\t\t\t\t<\/span>\n\t\t<\/div>\n\t\t\t\t\t\t<\/div>\n\t\t\t\t<div class=\"elementor-element elementor-element-de83456 elementor-widget elementor-widget-text-editor\" data-id=\"de83456\" data-element_type=\"widget\" data-widget_type=\"text-editor.default\">\n\t\t\t\t\t\t\t\t\t<ul><li>100.000 m de rede de \u00e1gua<\/li><li>80.000 m de rede de esgoto<\/li><li>60.000 m\u00b2 de pavimenta\u00e7\u00e3o em pr\u00e9-moldados<\/li><li>40.000 toneladas de CBUQ<\/li><li>10 milh\u00f5es m\u00b3 de terraplanagem<\/li><li>66 unidades habitacionais constru\u00eddas<\/li><li>5 Esta\u00e7\u00f5es de Tratamento de Esgoto entregues<\/li><li>1 Barragem<\/li><li>700 m de pavimenta\u00e7\u00e3o em pista aeroportu\u00e1ria, Aeroporto La Poveda<\/li><li>10.000 m de Drenagem em tubos de concreto PA1 e EA2<\/li><li>500 m de Canaliza\u00e7\u00e3o em Aduelas<\/li><li>10 h\u00a0 em Sistemas de Irriga\u00e7\u00e3o Constru\u00eddo em Pivor Central<\/li><\/ul>\t\t\t\t\t\t\t\t<\/div>\n\t\t\t\t<div class=\"elementor-element elementor-element-5afa238 elementor-widget elementor-widget-text-editor\" data-id=\"5afa238\" data-element_type=\"widget\" data-widget_type=\"text-editor.default\">\n\t\t\t\t\t\t\t\t\t<p>J\u00e1 atendemos mais de <strong>6 milh\u00f5es de pessoas<\/strong> com nossas obras em Minas Gerais.<\/p>\t\t\t\t\t\t\t\t<\/div>\n\t\t\t\t<\/div>\n\t\t<div class=\"elementor-element elementor-element-19bceb3 e-con-full e-flex e-con e-child\" data-id=\"19bceb3\" data-element_type=\"container\">\n\t\t\t\t<div class=\"elementor-element elementor-element-fbd6dd7 elementor-widget elementor-widget-image\" data-id=\"fbd6dd7\" data-element_type=\"widget\" data-widget_type=\"image.default\">\n\t\t\t\t\t\t\t\t\t\t\t\t\t\t\t<img decoding=\"async\" src=\"https:\/\/construtorafortiori.com\/wp-content\/uploads\/2025\/09\/alfenas.jpg\" title=\"alfenas\" alt=\"alfenas\" loading=\"lazy\" \/>\t\t\t\t\t\t\t\t\t\t\t\t\t\t\t<\/div>\n\t\t\t\t<\/div>\n\t\t\t\t\t<\/div>\n\t\t\t\t<\/div>\n\t\t<div class=\"elementor-element elementor-element-33b5ae7 e-flex e-con-boxed e-con e-parent\" data-id=\"33b5ae7\" data-element_type=\"container\">\n\t\t\t\t\t<div class=\"e-con-inner\">\n\t\t\t\t\t<\/div>\n\t\t\t\t<\/div>\n\t\t<div class=\"elementor-element elementor-element-5952e8e e-flex e-con-boxed e-con e-parent\" data-id=\"5952e8e\" data-element_type=\"container\" data-settings=\"{&quot;background_background&quot;:&quot;classic&quot;}\">\n\t\t\t\t\t<div class=\"e-con-inner\">\n\t\t\t\t<div class=\"elementor-element elementor-element-6aea203 elementor-widget elementor-widget-spacer\" data-id=\"6aea203\" data-element_type=\"widget\" data-widget_type=\"spacer.default\">\n\t\t\t\t\t\t\t<div class=\"elementor-spacer\">\n\t\t\t<div class=\"elementor-spacer-inner\"><\/div>\n\t\t<\/div>\n\t\t\t\t\t\t<\/div>\n\t\t\t\t<div class=\"elementor-element elementor-element-f7fdaf8 elementor-widget elementor-widget-image\" data-id=\"f7fdaf8\" data-element_type=\"widget\" data-widget_type=\"image.default\">\n\t\t\t\t\t\t\t\t\t\t\t\t\t\t\t<img fetchpriority=\"high\" decoding=\"async\" width=\"1024\" height=\"274\" src=\"https:\/\/construtorafortiori.com\/wp-content\/uploads\/2025\/09\/cropped-logo-fortiori-04-1024x274.png\" class=\"attachment-large size-large wp-image-53\" alt=\"\" srcset=\"https:\/\/construtorafortiori.com\/wp-content\/uploads\/2025\/09\/cropped-logo-fortiori-04-1024x274.png 1024w, https:\/\/construtorafortiori.com\/wp-content\/uploads\/2025\/09\/cropped-logo-fortiori-04-300x80.png 300w, https:\/\/construtorafortiori.com\/wp-content\/uploads\/2025\/09\/cropped-logo-fortiori-04-768x206.png 768w, https:\/\/construtorafortiori.com\/wp-content\/uploads\/2025\/09\/cropped-logo-fortiori-04-1536x411.png 1536w, https:\/\/construtorafortiori.com\/wp-content\/uploads\/2025\/09\/cropped-logo-fortiori-04-2048x549.png 2048w\" sizes=\"(max-width: 1024px) 100vw, 1024px\" \/>\t\t\t\t\t\t\t\t\t\t\t\t\t\t\t<\/div>\n\t\t\t\t<div class=\"elementor-element elementor-element-fd7992c elementor-widget elementor-widget-heading\" data-id=\"fd7992c\" data-element_type=\"widget\" data-widget_type=\"heading.default\">\n\t\t\t\t\t<h2 class=\"elementor-heading-title elementor-size-default\">TRANSFORMANDO REALIDADES COM ENGENHARIA<\/h2>\t\t\t\t<\/div>\n\t\t\t\t<div class=\"elementor-element elementor-element-359d2a7 elementor-widget elementor-widget-text-editor\" data-id=\"359d2a7\" data-element_type=\"widget\" data-widget_type=\"text-editor.default\">\n\t\t\t\t\t\t\t\t\t<p>Com atua\u00e7\u00e3o destacada em <strong>cidades estrat\u00e9gicas e comunidades vulner\u00e1veis<\/strong>, a Fortiori entrega solu\u00e7\u00f5es completas &#8211; da concep\u00e7\u00e3o \u00e0 opera\u00e7\u00e3o. Nossas obras promovem sa\u00fade p\u00fablica, dignidade e crescimento sustent\u00e1vel.<\/p>\t\t\t\t\t\t\t\t<\/div>\n\t\t\t\t\t<\/div>\n\t\t\t\t<\/div>\n\t\t\t\t<\/div>\n\t\t","protected":false},"excerpt":{"rendered":"<p>NOSSAS ENTREGAS EM N\u00daMEROS 100.000 m de rede de \u00e1gua 80.000 m de rede de esgoto 60.000 m\u00b2 de pavimenta\u00e7\u00e3o em pr\u00e9-moldados 40.000 toneladas de CBUQ 10 milh\u00f5es m\u00b3 de terraplanagem 66 unidades habitacionais constru\u00eddas 5 Esta\u00e7\u00f5es de Tratamento de Esgoto entregues 1 Barragem 700 m de pavimenta\u00e7\u00e3o em pista aeroportu\u00e1ria, Aeroporto La Poveda 10.000&#8230;<\/p>\n","protected":false},"author":1,"featured_media":0,"parent":0,"menu_order":0,"comment_status":"closed","ping_status":"closed","template":"elementor_header_footer","meta":{"_kadence_starter_templates_imported_post":false,"_kad_post_transparent":"","_kad_post_title":"hide","_kad_post_layout":"fullwidth","_kad_post_sidebar_id":"","_kad_post_content_style":"unboxed","_kad_post_vertical_padding":"hide","_kad_post_feature":"hide","_kad_post_feature_position":"","_kad_post_header":false,"_kad_post_footer":false,"footnotes":""},"class_list":["post-38","page","type-page","status-publish","hentry"],"_links":{"self":[{"href":"https:\/\/construtorafortiori.com\/index.php\/wp-json\/wp\/v2\/pages\/38","targetHints":{"allow":["GET"]}}],"collection":[{"href":"https:\/\/construtorafortiori.com\/index.php\/wp-json\/wp\/v2\/pages"}],"about":[{"href":"https:\/\/construtorafortiori.com\/index.php\/wp-json\/wp\/v2\/types\/page"}],"author":[{"embeddable":true,"href":"https:\/\/construtorafortiori.com\/index.php\/wp-json\/wp\/v2\/users\/1"}],"replies":[{"embeddable":true,"href":"https:\/\/construtorafortiori.com\/index.php\/wp-json\/wp\/v2\/comments?post=38"}],"version-history":[{"count":19,"href":"https:\/\/construtorafortiori.com\/index.php\/wp-json\/wp\/v2\/pages\/38\/revisions"}],"predecessor-version":[{"id":440,"href":"https:\/\/construtorafortiori.com\/index.php\/wp-json\/wp\/v2\/pages\/38\/revisions\/440"}],"wp:attachment":[{"href":"https:\/\/construtorafortiori.com\/index.php\/wp-json\/wp\/v2\/media?parent=38"}],"curies":[{"name":"wp","href":"https:\/\/api.w.org\/{rel}","templated":true}]}}