{"id":40,"date":"2025-09-25T20:04:55","date_gmt":"2025-09-25T20:04:55","guid":{"rendered":"https:\/\/construtorafortiori.com\/?page_id=40"},"modified":"2025-10-16T11:37:00","modified_gmt":"2025-10-16T11:37:00","slug":"quem-somos","status":"publish","type":"page","link":"https:\/\/construtorafortiori.com\/index.php\/quem-somos\/","title":{"rendered":"Quem Somos"},"content":{"rendered":"\t\t<div data-elementor-type=\"wp-page\" data-elementor-id=\"40\" class=\"elementor elementor-40\">\n\t\t\t\t<div class=\"elementor-element elementor-element-4905bb8 e-flex e-con-boxed e-con e-parent\" data-id=\"4905bb8\" data-element_type=\"container\" data-settings=\"{&quot;background_background&quot;:&quot;classic&quot;}\">\n\t\t\t\t\t<div class=\"e-con-inner\">\n\t\t<div class=\"elementor-element elementor-element-abdea7a e-con-full e-flex e-con e-child\" data-id=\"abdea7a\" data-element_type=\"container\">\n\t\t\t\t<div class=\"elementor-element elementor-element-fcc3863 elementor-widget elementor-widget-heading\" data-id=\"fcc3863\" data-element_type=\"widget\" data-widget_type=\"heading.default\">\n\t\t\t\t\t<h2 class=\"elementor-heading-title elementor-size-default\">QUEM SOMOS<\/h2>\t\t\t\t<\/div>\n\t\t\t\t<div class=\"elementor-element elementor-element-daf58f1 elementor-widget-divider--view-line elementor-widget elementor-widget-divider\" data-id=\"daf58f1\" data-element_type=\"widget\" data-widget_type=\"divider.default\">\n\t\t\t\t\t\t\t<div class=\"elementor-divider\">\n\t\t\t<span class=\"elementor-divider-separator\">\n\t\t\t\t\t\t<\/span>\n\t\t<\/div>\n\t\t\t\t\t\t<\/div>\n\t\t\t\t<div class=\"elementor-element elementor-element-adc3071 elementor-widget elementor-widget-heading\" data-id=\"adc3071\" data-element_type=\"widget\" data-widget_type=\"heading.default\">\n\t\t\t\t\t<h2 class=\"elementor-heading-title elementor-size-default\">Compromisso que transforma territ\u00f3rios. Engenharia que respeita vidas.<\/h2>\t\t\t\t<\/div>\n\t\t\t\t<div class=\"elementor-element elementor-element-4a5f247 elementor-widget elementor-widget-text-editor\" data-id=\"4a5f247\" data-element_type=\"widget\" data-widget_type=\"text-editor.default\">\n\t\t\t\t\t\t\t\t\t<p>A <strong>Construtora Fortiori<\/strong> atua com excel\u00eancia em obras de infraestrutura de saneamento b\u00e1sico, drenagem pluvial, pavimenta\u00e7\u00e3o, constru\u00e7\u00e3o civil e reformas. Desde sua funda\u00e7\u00e3o, nosso prop\u00f3sito \u00e9 construir mais do que obras: \u00e9 deixar um legado de qualidade, efici\u00eancia e responsabilidade.<\/p><p>Com presen\u00e7a em mais de 30% dos munic\u00edpios de Minas Gerais, nos tornamos refer\u00eancia em solu\u00e7\u00f5es robustas e confi\u00e1veis para o setor p\u00fablico e privado. Acreditamos no poder da engenharia como vetor de desenvolvimento social e investimos continuamente na capacita\u00e7\u00e3o da nossa equipe.<\/p>\t\t\t\t\t\t\t\t<\/div>\n\t\t\t\t<\/div>\n\t\t<div class=\"elementor-element elementor-element-a59f528 e-con-full e-flex e-con e-child\" data-id=\"a59f528\" data-element_type=\"container\">\n\t\t\t\t<div class=\"elementor-element elementor-element-53b5337 elementor-widget elementor-widget-image\" data-id=\"53b5337\" data-element_type=\"widget\" data-widget_type=\"image.default\">\n\t\t\t\t\t\t\t\t\t\t\t\t\t\t\t<img fetchpriority=\"high\" decoding=\"async\" width=\"1024\" height=\"976\" src=\"https:\/\/construtorafortiori.com\/wp-content\/uploads\/2025\/09\/logo-fortiori-013-1-1024x976.png\" class=\"attachment-large size-large wp-image-64\" alt=\"\" srcset=\"https:\/\/construtorafortiori.com\/wp-content\/uploads\/2025\/09\/logo-fortiori-013-1-1024x976.png 1024w, https:\/\/construtorafortiori.com\/wp-content\/uploads\/2025\/09\/logo-fortiori-013-1-300x286.png 300w, https:\/\/construtorafortiori.com\/wp-content\/uploads\/2025\/09\/logo-fortiori-013-1-768x732.png 768w, https:\/\/construtorafortiori.com\/wp-content\/uploads\/2025\/09\/logo-fortiori-013-1.png 1113w\" sizes=\"(max-width: 1024px) 100vw, 1024px\" \/>\t\t\t\t\t\t\t\t\t\t\t\t\t\t\t<\/div>\n\t\t\t\t<\/div>\n\t\t\t\t\t<\/div>\n\t\t\t\t<\/div>\n\t\t<div class=\"elementor-element elementor-element-cc5c4c8 e-flex e-con-boxed e-con e-parent\" data-id=\"cc5c4c8\" data-element_type=\"container\" data-settings=\"{&quot;background_background&quot;:&quot;gradient&quot;}\">\n\t\t\t\t\t<div class=\"e-con-inner\">\n\t\t<div class=\"elementor-element elementor-element-1c8e911 e-con-full e-flex e-con e-child\" data-id=\"1c8e911\" data-element_type=\"container\">\n\t\t\t\t<div class=\"elementor-element elementor-element-5ef8531 elementor-widget elementor-widget-heading\" data-id=\"5ef8531\" data-element_type=\"widget\" data-widget_type=\"heading.default\">\n\t\t\t\t\t<h2 class=\"elementor-heading-title elementor-size-default\">Pol\u00edtica de Qualidade<\/h2>\t\t\t\t<\/div>\n\t\t\t\t<div class=\"elementor-element elementor-element-f2261d6 elementor-widget elementor-widget-heading\" data-id=\"f2261d6\" data-element_type=\"widget\" data-widget_type=\"heading.default\">\n\t\t\t\t\t<h2 class=\"elementor-heading-title elementor-size-default\">Na Fortiori, cada obra \u00e9 sin\u00f4nimo de excel\u00eancia.<\/h2>\t\t\t\t<\/div>\n\t\t\t\t<div class=\"elementor-element elementor-element-e08d7e1 elementor-widget elementor-widget-text-editor\" data-id=\"e08d7e1\" data-element_type=\"widget\" data-widget_type=\"text-editor.default\">\n\t\t\t\t\t\t\t\t\t<p>Aplicamos <strong>as melhores pr\u00e1ticas e normas de engenharia<\/strong>, com foco em <strong>sustentabilidade, seguran\u00e7a e inova\u00e7\u00e3o<\/strong>, sempre buscando <strong>a satisfa\u00e7\u00e3o de nossos clientes<\/strong>.<\/p><p>Estamos em <strong>processo de certifica\u00e7\u00e3o ISO 9001:2018<\/strong> e <strong>PBQN-H N\u00edvel A<\/strong>, reafirmando nosso compromisso com <strong>qualidade e confian\u00e7a<\/strong>.<\/p><p>A Fortiori se compromete a promover a excel\u00eancia nas \u00e1reas de Qualidade, Seguran\u00e7a, Meio Ambiente e Sa\u00fade (QSMS), buscando:<\/p><ul><li>Garantir a satisfa\u00e7\u00e3o de nossos clientes;<\/li><li>Assegurar a seguran\u00e7a e sa\u00fade de nossos colaboradores;<\/li><li>Proteger e preservar o meio ambiente em todas as nossas atividades.<\/li><\/ul>\t\t\t\t\t\t\t\t<\/div>\n\t\t\t\t<\/div>\n\t\t<div class=\"elementor-element elementor-element-7cd9fad e-con-full e-flex e-con e-child\" data-id=\"7cd9fad\" data-element_type=\"container\">\n\t\t\t\t<div class=\"elementor-element elementor-element-c6fa62b elementor-widget elementor-widget-image\" data-id=\"c6fa62b\" data-element_type=\"widget\" data-widget_type=\"image.default\">\n\t\t\t\t\t\t\t\t\t\t\t\t\t\t\t<img decoding=\"async\" width=\"1024\" height=\"768\" src=\"https:\/\/construtorafortiori.com\/wp-content\/uploads\/2025\/10\/PARA-SITE-SEM-OBRA-04-1-1024x768.jpg\" class=\"attachment-large size-large wp-image-427\" alt=\"\" srcset=\"https:\/\/construtorafortiori.com\/wp-content\/uploads\/2025\/10\/PARA-SITE-SEM-OBRA-04-1-1024x768.jpg 1024w, https:\/\/construtorafortiori.com\/wp-content\/uploads\/2025\/10\/PARA-SITE-SEM-OBRA-04-1-300x225.jpg 300w, https:\/\/construtorafortiori.com\/wp-content\/uploads\/2025\/10\/PARA-SITE-SEM-OBRA-04-1-768x576.jpg 768w, https:\/\/construtorafortiori.com\/wp-content\/uploads\/2025\/10\/PARA-SITE-SEM-OBRA-04-1-1536x1152.jpg 1536w, https:\/\/construtorafortiori.com\/wp-content\/uploads\/2025\/10\/PARA-SITE-SEM-OBRA-04-1-2048x1536.jpg 2048w\" sizes=\"(max-width: 1024px) 100vw, 1024px\" \/>\t\t\t\t\t\t\t\t\t\t\t\t\t\t\t<\/div>\n\t\t\t\t<\/div>\n\t\t\t\t\t<\/div>\n\t\t\t\t<\/div>\n\t\t<div class=\"elementor-element elementor-element-9bb7136 e-flex e-con-boxed e-con e-parent\" data-id=\"9bb7136\" data-element_type=\"container\" data-settings=\"{&quot;background_background&quot;:&quot;classic&quot;}\">\n\t\t\t\t\t<div class=\"e-con-inner\">\n\t\t\t\t<div class=\"elementor-element elementor-element-73420dc elementor-widget elementor-widget-heading\" data-id=\"73420dc\" data-element_type=\"widget\" data-widget_type=\"heading.default\">\n\t\t\t\t\t<h2 class=\"elementor-heading-title elementor-size-default\">Fortiori<\/h2>\t\t\t\t<\/div>\n\t\t\t\t<div class=\"elementor-element elementor-element-625381c elementor-widget elementor-widget-heading\" data-id=\"625381c\" data-element_type=\"widget\" data-widget_type=\"heading.default\">\n\t\t\t\t\t<h2 class=\"elementor-heading-title elementor-size-default\">Construindo com excel\u00eancia, cuidando das pessoas e do planeta.<\/h2>\t\t\t\t<\/div>\n\t\t\t\t\t<\/div>\n\t\t\t\t<\/div>\n\t\t<div class=\"elementor-element elementor-element-d4c88d4 e-flex e-con-boxed e-con e-parent\" data-id=\"d4c88d4\" data-element_type=\"container\" data-settings=\"{&quot;background_background&quot;:&quot;gradient&quot;}\">\n\t\t\t\t\t<div class=\"e-con-inner\">\n\t\t<div class=\"elementor-element elementor-element-c2ee5c6 e-con-full e-flex e-con e-child\" data-id=\"c2ee5c6\" data-element_type=\"container\">\n\t\t\t\t<div class=\"elementor-element elementor-element-b43afd4 elementor-widget elementor-widget-spacer\" data-id=\"b43afd4\" data-element_type=\"widget\" data-widget_type=\"spacer.default\">\n\t\t\t\t\t\t\t<div class=\"elementor-spacer\">\n\t\t\t<div class=\"elementor-spacer-inner\"><\/div>\n\t\t<\/div>\n\t\t\t\t\t\t<\/div>\n\t\t\t\t<div class=\"elementor-element elementor-element-bea7a19 elementor-widget elementor-widget-heading\" data-id=\"bea7a19\" data-element_type=\"widget\" data-widget_type=\"heading.default\">\n\t\t\t\t\t<h2 class=\"elementor-heading-title elementor-size-default\">MISS\u00c3O<\/h2>\t\t\t\t<\/div>\n\t\t\t\t<div class=\"elementor-element elementor-element-2c9f5c4 elementor-widget elementor-widget-text-editor\" data-id=\"2c9f5c4\" data-element_type=\"widget\" data-widget_type=\"text-editor.default\">\n\t\t\t\t\t\t\t\t\t<p>Executar obras de engenharia com qualidade, seguran\u00e7a e responsabilidade socioambiental.<\/p>\t\t\t\t\t\t\t\t<\/div>\n\t\t\t\t<div class=\"elementor-element elementor-element-400d93a elementor-widget elementor-widget-heading\" data-id=\"400d93a\" data-element_type=\"widget\" data-widget_type=\"heading.default\">\n\t\t\t\t\t<h2 class=\"elementor-heading-title elementor-size-default\">VIS\u00c3O<\/h2>\t\t\t\t<\/div>\n\t\t\t\t<div class=\"elementor-element elementor-element-e776c51 elementor-widget elementor-widget-text-editor\" data-id=\"e776c51\" data-element_type=\"widget\" data-widget_type=\"text-editor.default\">\n\t\t\t\t\t\t\t\t\t<p>Ser refer\u00eancia em solu\u00e7\u00f5es de engenharia para clientes e colaboradores.<\/p>\t\t\t\t\t\t\t\t<\/div>\n\t\t\t\t<div class=\"elementor-element elementor-element-76cc8ba elementor-widget elementor-widget-heading\" data-id=\"76cc8ba\" data-element_type=\"widget\" data-widget_type=\"heading.default\">\n\t\t\t\t\t<h2 class=\"elementor-heading-title elementor-size-default\">VALORES<\/h2>\t\t\t\t<\/div>\n\t\t\t\t<div class=\"elementor-element elementor-element-8a4d383 elementor-widget elementor-widget-text-editor\" data-id=\"8a4d383\" data-element_type=\"widget\" data-widget_type=\"text-editor.default\">\n\t\t\t\t\t\t\t\t\t<p>\u2022 \u00c9tica e transpar\u00eancia<br \/>\u2022 Excel\u00eancia t\u00e9cnica e humana<br \/>\u2022 Compromisso com contratos<br \/>\u2022 Respeito \u00e0 vida e ao meio ambiente<br \/>\u2022 Perseveran\u00e7a e confian\u00e7a nas rela\u00e7\u00f5es<\/p>\t\t\t\t\t\t\t\t<\/div>\n\t\t\t\t<\/div>\n\t\t<div class=\"elementor-element elementor-element-31aa679 e-con-full e-flex e-con e-child\" data-id=\"31aa679\" data-element_type=\"container\">\n\t\t\t\t<div class=\"elementor-element elementor-element-b6954e1 elementor-widget elementor-widget-image\" data-id=\"b6954e1\" data-element_type=\"widget\" data-widget_type=\"image.default\">\n\t\t\t\t\t\t\t\t\t\t\t\t\t\t\t<img decoding=\"async\" src=\"https:\/\/construtorafortiori.com\/wp-content\/uploads\/2025\/09\/cataguases-scaled.jpg\" title=\"DCIM101MEDIADJI_0703.JPG\" alt=\"DCIM101MEDIADJI_0703.JPG\" loading=\"lazy\" \/>\t\t\t\t\t\t\t\t\t\t\t\t\t\t\t<\/div>\n\t\t\t\t<\/div>\n\t\t\t\t\t<\/div>\n\t\t\t\t<\/div>\n\t\t<div class=\"elementor-element elementor-element-9d52f00 e-flex e-con-boxed e-con e-parent\" data-id=\"9d52f00\" data-element_type=\"container\">\n\t\t\t\t\t<div class=\"e-con-inner\">\n\t\t\t\t<div class=\"elementor-element elementor-element-047f57b elementor-widget elementor-widget-spacer\" data-id=\"047f57b\" data-element_type=\"widget\" data-widget_type=\"spacer.default\">\n\t\t\t\t\t\t\t<div class=\"elementor-spacer\">\n\t\t\t<div class=\"elementor-spacer-inner\"><\/div>\n\t\t<\/div>\n\t\t\t\t\t\t<\/div>\n\t\t\t\t\t<\/div>\n\t\t\t\t<\/div>\n\t\t<div class=\"elementor-element elementor-element-05d0922 e-flex e-con-boxed e-con e-parent\" data-id=\"05d0922\" data-element_type=\"container\" data-settings=\"{&quot;background_background&quot;:&quot;classic&quot;}\">\n\t\t\t\t\t<div class=\"e-con-inner\">\n\t\t\t\t<div class=\"elementor-element elementor-element-4105b60 elementor-widget elementor-widget-spacer\" data-id=\"4105b60\" data-element_type=\"widget\" data-widget_type=\"spacer.default\">\n\t\t\t\t\t\t\t<div class=\"elementor-spacer\">\n\t\t\t<div class=\"elementor-spacer-inner\"><\/div>\n\t\t<\/div>\n\t\t\t\t\t\t<\/div>\n\t\t\t\t<div class=\"elementor-element elementor-element-ef99d35 elementor-widget elementor-widget-image\" data-id=\"ef99d35\" data-element_type=\"widget\" data-widget_type=\"image.default\">\n\t\t\t\t\t\t\t\t\t\t\t\t\t\t\t<img decoding=\"async\" width=\"1024\" height=\"274\" src=\"https:\/\/construtorafortiori.com\/wp-content\/uploads\/2025\/09\/cropped-logo-fortiori-04-1024x274.png\" class=\"attachment-large size-large wp-image-53\" alt=\"\" srcset=\"https:\/\/construtorafortiori.com\/wp-content\/uploads\/2025\/09\/cropped-logo-fortiori-04-1024x274.png 1024w, https:\/\/construtorafortiori.com\/wp-content\/uploads\/2025\/09\/cropped-logo-fortiori-04-300x80.png 300w, https:\/\/construtorafortiori.com\/wp-content\/uploads\/2025\/09\/cropped-logo-fortiori-04-768x206.png 768w, https:\/\/construtorafortiori.com\/wp-content\/uploads\/2025\/09\/cropped-logo-fortiori-04-1536x411.png 1536w, https:\/\/construtorafortiori.com\/wp-content\/uploads\/2025\/09\/cropped-logo-fortiori-04-2048x549.png 2048w\" sizes=\"(max-width: 1024px) 100vw, 1024px\" \/>\t\t\t\t\t\t\t\t\t\t\t\t\t\t\t<\/div>\n\t\t\t\t<div class=\"elementor-element elementor-element-a5522a1 elementor-widget elementor-widget-heading\" data-id=\"a5522a1\" data-element_type=\"widget\" data-widget_type=\"heading.default\">\n\t\t\t\t\t<h2 class=\"elementor-heading-title elementor-size-default\">TRANSFORMANDO REALIDADES COM ENGENHARIA<\/h2>\t\t\t\t<\/div>\n\t\t\t\t<div class=\"elementor-element elementor-element-c031171 elementor-widget elementor-widget-text-editor\" data-id=\"c031171\" data-element_type=\"widget\" data-widget_type=\"text-editor.default\">\n\t\t\t\t\t\t\t\t\t<p>Com atua\u00e7\u00e3o destacada em <strong>cidades estrat\u00e9gicas e comunidades vulner\u00e1veis<\/strong>, a Fortiori entrega solu\u00e7\u00f5es completas &#8211; da concep\u00e7\u00e3o \u00e0 opera\u00e7\u00e3o. Nossas obras promovem sa\u00fade p\u00fablica, dignidade e crescimento sustent\u00e1vel.<\/p>\t\t\t\t\t\t\t\t<\/div>\n\t\t\t\t\t<\/div>\n\t\t\t\t<\/div>\n\t\t\t\t<\/div>\n\t\t","protected":false},"excerpt":{"rendered":"<p>QUEM SOMOS Compromisso que transforma territ\u00f3rios. Engenharia que respeita vidas. A Construtora Fortiori atua com excel\u00eancia em obras de infraestrutura de saneamento b\u00e1sico, drenagem pluvial, pavimenta\u00e7\u00e3o, constru\u00e7\u00e3o civil e reformas. Desde sua funda\u00e7\u00e3o, nosso prop\u00f3sito \u00e9 construir mais do que obras: \u00e9 deixar um legado de qualidade, efici\u00eancia e responsabilidade. Com presen\u00e7a em mais de&#8230;<\/p>\n","protected":false},"author":1,"featured_media":0,"parent":0,"menu_order":0,"comment_status":"closed","ping_status":"closed","template":"elementor_header_footer","meta":{"_kadence_starter_templates_imported_post":false,"_kad_post_transparent":"","_kad_post_title":"hide","_kad_post_layout":"fullwidth","_kad_post_sidebar_id":"","_kad_post_content_style":"unboxed","_kad_post_vertical_padding":"hide","_kad_post_feature":"hide","_kad_post_feature_position":"","_kad_post_header":false,"_kad_post_footer":false,"footnotes":""},"class_list":["post-40","page","type-page","status-publish","hentry"],"_links":{"self":[{"href":"https:\/\/construtorafortiori.com\/index.php\/wp-json\/wp\/v2\/pages\/40","targetHints":{"allow":["GET"]}}],"collection":[{"href":"https:\/\/construtorafortiori.com\/index.php\/wp-json\/wp\/v2\/pages"}],"about":[{"href":"https:\/\/construtorafortiori.com\/index.php\/wp-json\/wp\/v2\/types\/page"}],"author":[{"embeddable":true,"href":"https:\/\/construtorafortiori.com\/index.php\/wp-json\/wp\/v2\/users\/1"}],"replies":[{"embeddable":true,"href":"https:\/\/construtorafortiori.com\/index.php\/wp-json\/wp\/v2\/comments?post=40"}],"version-history":[{"count":43,"href":"https:\/\/construtorafortiori.com\/index.php\/wp-json\/wp\/v2\/pages\/40\/revisions"}],"predecessor-version":[{"id":443,"href":"https:\/\/construtorafortiori.com\/index.php\/wp-json\/wp\/v2\/pages\/40\/revisions\/443"}],"wp:attachment":[{"href":"https:\/\/construtorafortiori.com\/index.php\/wp-json\/wp\/v2\/media?parent=40"}],"curies":[{"name":"wp","href":"https:\/\/api.w.org\/{rel}","templated":true}]}}